{"id":488,"date":"2020-02-18T05:59:47","date_gmt":"2020-02-18T05:59:47","guid":{"rendered":"http:\/\/localhost:8080\/?page_id=488"},"modified":"2023-07-03T11:26:50","modified_gmt":"2023-07-03T11:26:50","slug":"dali-universe","status":"publish","type":"page","link":"https:\/\/www.picreator.co.uk\/?page_id=488","title":{"rendered":"Dali Universe"},"content":{"rendered":"\t\t<div data-elementor-type=\"wp-page\" data-elementor-id=\"488\" class=\"elementor elementor-488\">\n\t\t\t\t\t\t<div class=\"elementor-inner\">\n\t\t\t\t<div class=\"elementor-section-wrap\">\n\t\t\t\t\t\t\t\t\t<section class=\"elementor-section elementor-top-section elementor-element elementor-element-ba97e7b elementor-section-boxed elementor-section-height-default elementor-section-height-default\" data-id=\"ba97e7b\" data-element_type=\"section\" data-settings=\"{&quot;background_background&quot;:&quot;classic&quot;}\">\n\t\t\t\t\t\t<div class=\"elementor-container elementor-column-gap-default\">\n\t\t\t\t\t\t\t<div class=\"elementor-row\">\n\t\t\t\t\t<div class=\"elementor-column elementor-col-33 elementor-top-column elementor-element elementor-element-25030d5\" data-id=\"25030d5\" data-element_type=\"column\">\n\t\t\t<div class=\"elementor-column-wrap elementor-element-populated\">\n\t\t\t\t\t\t\t<div class=\"elementor-widget-wrap\">\n\t\t\t\t\t\t<div class=\"elementor-element elementor-element-0bb019d elementor-widget elementor-widget-button\" data-id=\"0bb019d\" data-element_type=\"widget\" data-widget_type=\"button.default\">\n\t\t\t\t<div class=\"elementor-widget-container\">\n\t\t\t\t\t<div class=\"elementor-button-wrapper\">\n\t\t\t<a href=\"https:\/\/www.picreator.co.uk\/?page_id=132\" class=\"elementor-button-link elementor-button elementor-size-sm\" role=\"button\">\n\t\t\t\t\t\t<span class=\"elementor-button-content-wrapper\">\n\t\t\t\t\t\t\t<span class=\"elementor-button-icon elementor-align-icon-left\">\n\t\t\t\t<i aria-hidden=\"true\" class=\"fas fa-angle-left\"><\/i>\t\t\t<\/span>\n\t\t\t\t\t\t<span class=\"elementor-button-text\">Back to Customer Gallery<\/span>\n\t\t<\/span>\n\t\t\t\t\t<\/a>\n\t\t<\/div>\n\t\t\t\t<\/div>\n\t\t\t\t<\/div>\n\t\t\t\t\t\t<\/div>\n\t\t\t\t\t<\/div>\n\t\t<\/div>\n\t\t\t\t<div class=\"elementor-column elementor-col-33 elementor-top-column elementor-element elementor-element-7882503\" data-id=\"7882503\" data-element_type=\"column\">\n\t\t\t<div class=\"elementor-column-wrap\">\n\t\t\t\t\t\t\t<div class=\"elementor-widget-wrap\">\n\t\t\t\t\t\t\t\t<\/div>\n\t\t\t\t\t<\/div>\n\t\t<\/div>\n\t\t\t\t<div class=\"elementor-column elementor-col-33 elementor-top-column elementor-element elementor-element-42a3abc\" data-id=\"42a3abc\" data-element_type=\"column\">\n\t\t\t<div class=\"elementor-column-wrap elementor-element-populated\">\n\t\t\t\t\t\t\t<div class=\"elementor-widget-wrap\">\n\t\t\t\t\t\t<div class=\"elementor-element elementor-element-13aab9a elementor-align-right elementor-widget elementor-widget-button\" data-id=\"13aab9a\" data-element_type=\"widget\" data-widget_type=\"button.default\">\n\t\t\t\t<div class=\"elementor-widget-container\">\n\t\t\t\t\t<div class=\"elementor-button-wrapper\">\n\t\t\t<a href=\"https:\/\/www.picreator.co.uk\/?page_id=265\" class=\"elementor-button-link elementor-button elementor-size-sm\" role=\"button\">\n\t\t\t\t\t\t<span class=\"elementor-button-content-wrapper\">\n\t\t\t\t\t\t\t<span class=\"elementor-button-icon elementor-align-icon-left\">\n\t\t\t\t<i aria-hidden=\"true\" class=\"fas fa-angle-right\"><\/i>\t\t\t<\/span>\n\t\t\t\t\t\t<span class=\"elementor-button-text\">Next <\/span>\n\t\t<\/span>\n\t\t\t\t\t<\/a>\n\t\t<\/div>\n\t\t\t\t<\/div>\n\t\t\t\t<\/div>\n\t\t\t\t\t\t<\/div>\n\t\t\t\t\t<\/div>\n\t\t<\/div>\n\t\t\t\t\t\t\t\t<\/div>\n\t\t\t\t\t<\/div>\n\t\t<\/section>\n\t\t\t\t<section class=\"elementor-section elementor-top-section elementor-element elementor-element-8ddf1b7 elementor-section-boxed elementor-section-height-default elementor-section-height-default\" data-id=\"8ddf1b7\" data-element_type=\"section\" data-settings=\"{&quot;background_background&quot;:&quot;classic&quot;}\">\n\t\t\t\t\t\t<div class=\"elementor-container elementor-column-gap-default\">\n\t\t\t\t\t\t\t<div class=\"elementor-row\">\n\t\t\t\t\t<div class=\"elementor-column elementor-col-66 elementor-top-column elementor-element elementor-element-861f0b5\" data-id=\"861f0b5\" data-element_type=\"column\">\n\t\t\t<div class=\"elementor-column-wrap elementor-element-populated\">\n\t\t\t\t\t\t\t<div class=\"elementor-widget-wrap\">\n\t\t\t\t\t\t<div class=\"elementor-element elementor-element-aafbb2d elementor-widget elementor-widget-spacer\" data-id=\"aafbb2d\" data-element_type=\"widget\" data-widget_type=\"spacer.default\">\n\t\t\t\t<div class=\"elementor-widget-container\">\n\t\t\t\t\t<div class=\"elementor-spacer\">\n\t\t\t<div class=\"elementor-spacer-inner\"><\/div>\n\t\t<\/div>\n\t\t\t\t<\/div>\n\t\t\t\t<\/div>\n\t\t\t\t<div class=\"elementor-element elementor-element-9b88382 gallery-spacing-custom elementor-widget elementor-widget-image-gallery\" data-id=\"9b88382\" data-element_type=\"widget\" data-widget_type=\"image-gallery.default\">\n\t\t\t\t<div class=\"elementor-widget-container\">\n\t\t\t\t\t<div class=\"elementor-image-gallery\">\n\t\t\t<div id='gallery-1' class='gallery galleryid-488 gallery-columns-2 gallery-size-medium'><figure class='gallery-item'>\n\t\t\t<div class='gallery-icon portrait'>\n\t\t\t\t<a data-elementor-open-lightbox=\"yes\" data-elementor-lightbox-slideshow=\"9b88382\" data-e-action-hash=\"#elementor-action%3Aaction%3Dlightbox%26settings%3DeyJpZCI6NTA3NCwidXJsIjoiaHR0cHM6XC9cL3d3dy5waWNyZWF0b3IuY28udWtcL3dwLWNvbnRlbnRcL3VwbG9hZHNcLzIwMjJcLzAyXC9Ob2JpbGl0eS1vZi1UaW1lLURhbGktVW5pdmVyc2UuanBnIiwic2xpZGVzaG93IjoiOWI4ODM4MiJ9\" href='https:\/\/www.picreator.co.uk\/wp-content\/uploads\/2022\/02\/Nobility-of-Time-Dali-Universe.jpg'><img width=\"219\" height=\"300\" src=\"https:\/\/www.picreator.co.uk\/wp-content\/uploads\/2022\/02\/Nobility-of-Time-Dali-Universe.jpg\" class=\"attachment-medium size-medium\" alt=\"\" decoding=\"async\" loading=\"lazy\" aria-describedby=\"gallery-1-5074\" \/><\/a>\n\t\t\t<\/div>\n\t\t\t\t<figcaption class='wp-caption-text gallery-caption' id='gallery-1-5074'>\n\t\t\t\t\u00a9IAR Art Resources, Nobility of Time, bronze multiple sculpture form The Dal\u00ed Universe Collection\n\t\t\t\t<\/figcaption><\/figure><figure class='gallery-item'>\n\t\t\t<div class='gallery-icon portrait'>\n\t\t\t\t<a data-elementor-open-lightbox=\"yes\" data-elementor-lightbox-slideshow=\"9b88382\" data-e-action-hash=\"#elementor-action%3Aaction%3Dlightbox%26settings%3DeyJpZCI6NTA3NSwidXJsIjoiaHR0cHM6XC9cL3d3dy5waWNyZWF0b3IuY28udWtcL3dwLWNvbnRlbnRcL3VwbG9hZHNcLzIwMjJcLzAyXC9TdXJyZWFsaXN0LXBpYW5vLi1EYWxpLVVuaXZlcnNlLWpwZy5qcGciLCJzbGlkZXNob3ciOiI5Yjg4MzgyIn0%3D\" href='https:\/\/www.picreator.co.uk\/wp-content\/uploads\/2022\/02\/Surrealist-piano.-Dali-Universe-jpg.jpg'><img width=\"238\" height=\"300\" src=\"https:\/\/www.picreator.co.uk\/wp-content\/uploads\/2022\/02\/Surrealist-piano.-Dali-Universe-jpg.jpg\" class=\"attachment-medium size-medium\" alt=\"\" decoding=\"async\" loading=\"lazy\" aria-describedby=\"gallery-1-5075\" \/><\/a>\n\t\t\t<\/div>\n\t\t\t\t<figcaption class='wp-caption-text gallery-caption' id='gallery-1-5075'>\n\t\t\t\t\u00a9IAR Art Resources, Surrealist Piano, bronze multiple sculpture form The Dal\u00ed Universe Collection\n\t\t\t\t<\/figcaption><\/figure><figure class='gallery-item'>\n\t\t\t<div class='gallery-icon portrait'>\n\t\t\t\t<a data-elementor-open-lightbox=\"yes\" data-elementor-lightbox-slideshow=\"9b88382\" data-e-action-hash=\"#elementor-action%3Aaction%3Dlightbox%26settings%3DeyJpZCI6NTA3NiwidXJsIjoiaHR0cHM6XC9cL3d3dy5waWNyZWF0b3IuY28udWtcL3dwLWNvbnRlbnRcL3VwbG9hZHNcLzIwMjJcLzAyXC9Ucml1bXBoYW50LWVsZXBoYW50LURhbGktVW5pdmVyc2UtLmpwZyIsInNsaWRlc2hvdyI6IjliODgzODIifQ%3D%3D\" href='https:\/\/www.picreator.co.uk\/wp-content\/uploads\/2022\/02\/Triumphant-elephant-Dali-Universe-.jpg'><img width=\"220\" height=\"300\" src=\"https:\/\/www.picreator.co.uk\/wp-content\/uploads\/2022\/02\/Triumphant-elephant-Dali-Universe-.jpg\" class=\"attachment-medium size-medium\" alt=\"\" decoding=\"async\" loading=\"lazy\" aria-describedby=\"gallery-1-5076\" \/><\/a>\n\t\t\t<\/div>\n\t\t\t\t<figcaption class='wp-caption-text gallery-caption' id='gallery-1-5076'>\n\t\t\t\t\u00a9IAR Art Resources, Triumphant Elephant, bronze multiple sculpture form The Dal\u00ed Universe Collection\n\t\t\t\t<\/figcaption><\/figure><figure class='gallery-item'>\n\t\t\t<div class='gallery-icon portrait'>\n\t\t\t\t<a data-elementor-open-lightbox=\"yes\" data-elementor-lightbox-slideshow=\"9b88382\" data-e-action-hash=\"#elementor-action%3Aaction%3Dlightbox%26settings%3DeyJpZCI6NTA3OCwidXJsIjoiaHR0cHM6XC9cL3d3dy5waWNyZWF0b3IuY28udWtcL3dwLWNvbnRlbnRcL3VwbG9hZHNcLzIwMjJcLzAyXC9Ib3JzZS1zYWRkbGVkLXdpdGgtdGltZS1EYWxpLVVuaXZlcnNlLmpwZyIsInNsaWRlc2hvdyI6IjliODgzODIifQ%3D%3D\" href='https:\/\/www.picreator.co.uk\/wp-content\/uploads\/2022\/02\/Horse-saddled-with-time-Dali-Universe.jpg'><img width=\"216\" height=\"300\" src=\"https:\/\/www.picreator.co.uk\/wp-content\/uploads\/2022\/02\/Horse-saddled-with-time-Dali-Universe.jpg\" class=\"attachment-medium size-medium\" alt=\"\" decoding=\"async\" loading=\"lazy\" aria-describedby=\"gallery-1-5078\" \/><\/a>\n\t\t\t<\/div>\n\t\t\t\t<figcaption class='wp-caption-text gallery-caption' id='gallery-1-5078'>\n\t\t\t\t\u00a9IAR Art Resources, Horse saddled with time, bronze multiple sculpture form The Dal\u00ed Universe Collection\n\t\t\t\t<\/figcaption><\/figure>\n\t\t<\/div>\n\t\t<\/div>\n\t\t\t\t<\/div>\n\t\t\t\t<\/div>\n\t\t\t\t\t\t<\/div>\n\t\t\t\t\t<\/div>\n\t\t<\/div>\n\t\t\t\t<div class=\"elementor-column elementor-col-33 elementor-top-column elementor-element elementor-element-a9207aa\" data-id=\"a9207aa\" data-element_type=\"column\">\n\t\t\t<div class=\"elementor-column-wrap elementor-element-populated\">\n\t\t\t\t\t\t\t<div class=\"elementor-widget-wrap\">\n\t\t\t\t\t\t<div class=\"elementor-element elementor-element-6885b15 elementor-widget elementor-widget-text-editor\" data-id=\"6885b15\" data-element_type=\"widget\" data-widget_type=\"text-editor.default\">\n\t\t\t\t<div class=\"elementor-widget-container\">\n\t\t\t\t\t\t\t\t<div class=\"elementor-text-editor elementor-clearfix\">\n\t\t\t\t<h2>THE DALI UNIVERSE COLLECTION<\/h2><div><p><span style=\"caret-color: #666e70; color: #666e70; font-family: Montserrat, Arial, sans-serif; font-size: 14px; text-align: justify; background-color: #ffffff;\">The Dal\u00ed Universe is a company specializing in Salvador Dal\u00ed, managing one of the largest private collections of Dal\u00ed artworks in the world. Artworks from the collection have toured and been loaned to over one hundred prestigious museums and locations worldwide,\u00a0<\/span><span style=\"caret-color: #666e70; color: #666e70; font-family: Montserrat, Arial, sans-serif; font-size: 14px; text-align: justify; background-color: #ffffff;\">and have been seen by more than twelve million visitors. This extraordinary collection brings to light a previously unknown aspect of Dal\u00ed\u2019s work, allowing sculpture to take on an important role.\u00a0<\/span><\/p><div style=\"text-align: justify;\"><span style=\"color: #666e70; font-family: Montserrat, Arial, sans-serif;\"><span style=\"caret-color: #666e70; font-size: 14px; background-color: #ffffff;\">The pieces here were cast in the Perseo Art Foundry, and finished with Renaissance Wax.<\/span><\/span><\/div><\/div><figure style=\"width: 150px\" class=\"wp-caption alignleft\"><a href=\"https:\/\/www.picreator.co.uk\/?page_id=144\"><img decoding=\"async\" loading=\"lazy\" src=\"https:\/\/www.picreator.co.uk\/wp-content\/uploads\/2021\/10\/Ren-200ml.jpg\" alt=\"\" width=\"150\" height=\"210\" \/><\/a><figcaption class=\"wp-caption-text\">PRODUCT USED<\/figcaption><\/figure>\t\t\t\t\t<\/div>\n\t\t\t\t\t\t<\/div>\n\t\t\t\t<\/div>\n\t\t\t\t\t\t<\/div>\n\t\t\t\t\t<\/div>\n\t\t<\/div>\n\t\t\t\t\t\t\t\t<\/div>\n\t\t\t\t\t<\/div>\n\t\t<\/section>\n\t\t\t\t<section class=\"elementor-section elementor-top-section elementor-element elementor-element-65ed27d elementor-section-full_width elementor-section-height-default elementor-section-height-default\" data-id=\"65ed27d\" data-element_type=\"section\">\n\t\t\t\t\t\t<div class=\"elementor-container elementor-column-gap-default\">\n\t\t\t\t\t\t\t<div class=\"elementor-row\">\n\t\t\t\t\t<div class=\"elementor-column elementor-col-100 elementor-top-column elementor-element elementor-element-0dc4e64\" data-id=\"0dc4e64\" data-element_type=\"column\">\n\t\t\t<div class=\"elementor-column-wrap elementor-element-populated\">\n\t\t\t\t\t\t\t<div class=\"elementor-widget-wrap\">\n\t\t\t\t\t\t<div class=\"elementor-element elementor-element-2c76607 elementor-widget elementor-widget-heading\" data-id=\"2c76607\" data-element_type=\"widget\" data-widget_type=\"heading.default\">\n\t\t\t\t<div class=\"elementor-widget-container\">\n\t\t\t<h2 class=\"elementor-heading-title elementor-size-default\">MORE CUSTOMER GALLERY<\/h2>\t\t<\/div>\n\t\t\t\t<\/div>\n\t\t\t\t<div class=\"elementor-element elementor-element-459c2e1 elementor-grid-eael-col-6 elementor-grid-tablet-eael-col-2 elementor-grid-mobile-eael-col-1 elementor-widget elementor-widget-eael-post-grid\" data-id=\"459c2e1\" data-element_type=\"widget\" data-settings=\"{&quot;eael_post_grid_columns&quot;:&quot;eael-col-6&quot;,&quot;eael_post_grid_columns_tablet&quot;:&quot;eael-col-2&quot;,&quot;eael_post_grid_columns_mobile&quot;:&quot;eael-col-1&quot;}\" data-widget_type=\"eael-post-grid.default\">\n\t\t\t\t<div class=\"elementor-widget-container\">\n\t\t\t<div id=\"eael-post-grid-459c2e1\" class=\"eael-post-grid-container\">\n            <div class=\"eael-post-grid eael-post-appender eael-post-appender-459c2e1 eael-post-grid-style-default\" data-layout-mode=\"grid\"><article class=\"eael-grid-post eael-post-grid-column\" data-id=\"275\">\n        <div class=\"eael-grid-post-holder\">\n            <div class=\"eael-grid-post-holder-inner\"><div class=\"eael-entry-media\"><div class=\"eael-entry-overlay fade-in\"><i class=\"fas fa-long-arrow-alt-right\" aria-hidden=\"true\"><\/i><a href=\"https:\/\/www.picreator.co.uk\/?page_id=275\"><\/a><\/div><div class=\"eael-entry-thumbnail \">\n                <img width=\"225\" height=\"300\" src=\"https:\/\/www.picreator.co.uk\/wp-content\/uploads\/2020\/02\/Guitars-01-min-225x300.jpg\" class=\"attachment-medium size-medium wp-image-277\" alt=\"\" decoding=\"async\" loading=\"lazy\" srcset=\"https:\/\/www.picreator.co.uk\/wp-content\/uploads\/2020\/02\/Guitars-01-min-225x300.jpg 225w, https:\/\/www.picreator.co.uk\/wp-content\/uploads\/2020\/02\/Guitars-01-min-768x1024.jpg 768w, https:\/\/www.picreator.co.uk\/wp-content\/uploads\/2020\/02\/Guitars-01-min-1152x1536.jpg 1152w, https:\/\/www.picreator.co.uk\/wp-content\/uploads\/2020\/02\/Guitars-01-min-1536x2048.jpg 1536w, https:\/\/www.picreator.co.uk\/wp-content\/uploads\/2020\/02\/Guitars-01-min-scaled.jpg 1920w\" sizes=\"(max-width: 225px) 100vw, 225px\" \/>\n            <\/div>\n        <\/div><\/div>\n        <\/div>\n    <\/article><article class=\"eael-grid-post eael-post-grid-column\" data-id=\"288\">\n        <div class=\"eael-grid-post-holder\">\n            <div class=\"eael-grid-post-holder-inner\"><div class=\"eael-entry-media\"><div class=\"eael-entry-overlay fade-in\"><i class=\"fas fa-long-arrow-alt-right\" aria-hidden=\"true\"><\/i><a href=\"https:\/\/www.picreator.co.uk\/?page_id=288\"><\/a><\/div><div class=\"eael-entry-thumbnail \">\n                <img width=\"300\" height=\"300\" src=\"https:\/\/www.picreator.co.uk\/wp-content\/uploads\/2020\/02\/Andrew-Nebbett-Designs-07-min-1-1-300x300.jpg\" class=\"attachment-medium size-medium wp-image-303\" alt=\"\" decoding=\"async\" loading=\"lazy\" srcset=\"https:\/\/www.picreator.co.uk\/wp-content\/uploads\/2020\/02\/Andrew-Nebbett-Designs-07-min-1-1-300x300.jpg 300w, https:\/\/www.picreator.co.uk\/wp-content\/uploads\/2020\/02\/Andrew-Nebbett-Designs-07-min-1-1-1024x1024.jpg 1024w, https:\/\/www.picreator.co.uk\/wp-content\/uploads\/2020\/02\/Andrew-Nebbett-Designs-07-min-1-1-150x150.jpg 150w, https:\/\/www.picreator.co.uk\/wp-content\/uploads\/2020\/02\/Andrew-Nebbett-Designs-07-min-1-1-768x768.jpg 768w, https:\/\/www.picreator.co.uk\/wp-content\/uploads\/2020\/02\/Andrew-Nebbett-Designs-07-min-1-1-1536x1536.jpg 1536w\" sizes=\"(max-width: 300px) 100vw, 300px\" \/>\n            <\/div>\n        <\/div><\/div>\n        <\/div>\n    <\/article><article class=\"eael-grid-post eael-post-grid-column\" data-id=\"313\">\n        <div class=\"eael-grid-post-holder\">\n            <div class=\"eael-grid-post-holder-inner\"><div class=\"eael-entry-media\"><div class=\"eael-entry-overlay fade-in\"><i class=\"fas fa-long-arrow-alt-right\" aria-hidden=\"true\"><\/i><a href=\"https:\/\/www.picreator.co.uk\/?page_id=313\"><\/a><\/div><div class=\"eael-entry-thumbnail \">\n                <img width=\"300\" height=\"200\" src=\"https:\/\/www.picreator.co.uk\/wp-content\/uploads\/2020\/02\/Copper-Hippo-Drinks-Cabinet-01-300x200.jpg\" class=\"attachment-medium size-medium wp-image-226\" alt=\"\" decoding=\"async\" loading=\"lazy\" srcset=\"https:\/\/www.picreator.co.uk\/wp-content\/uploads\/2020\/02\/Copper-Hippo-Drinks-Cabinet-01-300x200.jpg 300w, https:\/\/www.picreator.co.uk\/wp-content\/uploads\/2020\/02\/Copper-Hippo-Drinks-Cabinet-01-768x512.jpg 768w, https:\/\/www.picreator.co.uk\/wp-content\/uploads\/2020\/02\/Copper-Hippo-Drinks-Cabinet-01.jpg 1024w\" sizes=\"(max-width: 300px) 100vw, 300px\" \/>\n            <\/div>\n        <\/div><\/div>\n        <\/div>\n    <\/article><article class=\"eael-grid-post eael-post-grid-column\" data-id=\"317\">\n        <div class=\"eael-grid-post-holder\">\n            <div class=\"eael-grid-post-holder-inner\"><div class=\"eael-entry-media\"><div class=\"eael-entry-overlay fade-in\"><i class=\"fas fa-long-arrow-alt-right\" aria-hidden=\"true\"><\/i><a href=\"https:\/\/www.picreator.co.uk\/?page_id=317\"><\/a><\/div><div class=\"eael-entry-thumbnail \">\n                <img width=\"300\" height=\"228\" src=\"https:\/\/www.picreator.co.uk\/wp-content\/uploads\/2020\/02\/Peter-Vernon-01-Nature-in-Art-Gallery-and-Museum-300x228.jpg\" class=\"attachment-medium size-medium wp-image-241\" alt=\"\" decoding=\"async\" loading=\"lazy\" srcset=\"https:\/\/www.picreator.co.uk\/wp-content\/uploads\/2020\/02\/Peter-Vernon-01-Nature-in-Art-Gallery-and-Museum-300x228.jpg 300w, https:\/\/www.picreator.co.uk\/wp-content\/uploads\/2020\/02\/Peter-Vernon-01-Nature-in-Art-Gallery-and-Museum-768x584.jpg 768w, https:\/\/www.picreator.co.uk\/wp-content\/uploads\/2020\/02\/Peter-Vernon-01-Nature-in-Art-Gallery-and-Museum.jpg 800w\" sizes=\"(max-width: 300px) 100vw, 300px\" \/>\n            <\/div>\n        <\/div><\/div>\n        <\/div>\n    <\/article><article class=\"eael-grid-post eael-post-grid-column\" data-id=\"324\">\n        <div class=\"eael-grid-post-holder\">\n            <div class=\"eael-grid-post-holder-inner\"><div class=\"eael-entry-media\"><div class=\"eael-entry-overlay fade-in\"><i class=\"fas fa-long-arrow-alt-right\" aria-hidden=\"true\"><\/i><a href=\"https:\/\/www.picreator.co.uk\/?page_id=324\"><\/a><\/div><div class=\"eael-entry-thumbnail \">\n                <img width=\"300\" height=\"225\" src=\"https:\/\/www.picreator.co.uk\/wp-content\/uploads\/2020\/02\/Sean-Henry-03-300x225.jpg\" class=\"attachment-medium size-medium wp-image-251\" alt=\"\" decoding=\"async\" loading=\"lazy\" srcset=\"https:\/\/www.picreator.co.uk\/wp-content\/uploads\/2020\/02\/Sean-Henry-03-300x225.jpg 300w, https:\/\/www.picreator.co.uk\/wp-content\/uploads\/2020\/02\/Sean-Henry-03-1024x768.jpg 1024w, https:\/\/www.picreator.co.uk\/wp-content\/uploads\/2020\/02\/Sean-Henry-03-768x576.jpg 768w, https:\/\/www.picreator.co.uk\/wp-content\/uploads\/2020\/02\/Sean-Henry-03-272x204.jpg 272w, https:\/\/www.picreator.co.uk\/wp-content\/uploads\/2020\/02\/Sean-Henry-03.jpg 1280w\" sizes=\"(max-width: 300px) 100vw, 300px\" \/>\n            <\/div>\n        <\/div><\/div>\n        <\/div>\n    <\/article><article class=\"eael-grid-post eael-post-grid-column\" data-id=\"446\">\n        <div class=\"eael-grid-post-holder\">\n            <div class=\"eael-grid-post-holder-inner\"><div class=\"eael-entry-media\"><div class=\"eael-entry-overlay fade-in\"><i class=\"fas fa-long-arrow-alt-right\" aria-hidden=\"true\"><\/i><a href=\"https:\/\/www.picreator.co.uk\/?page_id=446\"><\/a><\/div><div class=\"eael-entry-thumbnail \">\n                <img width=\"300\" height=\"242\" src=\"https:\/\/www.picreator.co.uk\/wp-content\/uploads\/2020\/02\/Early-18th-century-brass-steel-lock-and-key-with-original-red-silk-backing.-8.5cm-x-15-495x400-1-300x242.jpg\" class=\"attachment-medium size-medium wp-image-75\" alt=\"\" decoding=\"async\" loading=\"lazy\" srcset=\"https:\/\/www.picreator.co.uk\/wp-content\/uploads\/2020\/02\/Early-18th-century-brass-steel-lock-and-key-with-original-red-silk-backing.-8.5cm-x-15-495x400-1-300x242.jpg 300w, https:\/\/www.picreator.co.uk\/wp-content\/uploads\/2020\/02\/Early-18th-century-brass-steel-lock-and-key-with-original-red-silk-backing.-8.5cm-x-15-495x400-1.jpg 495w\" sizes=\"(max-width: 300px) 100vw, 300px\" \/>\n            <\/div>\n        <\/div><\/div>\n        <\/div>\n    <\/article><\/div>\n            <div class=\"clearfix\"><\/div>\n        <\/div>\t\t<\/div>\n\t\t\t\t<\/div>\n\t\t\t\t\t\t<\/div>\n\t\t\t\t\t<\/div>\n\t\t<\/div>\n\t\t\t\t\t\t\t\t<\/div>\n\t\t\t\t\t<\/div>\n\t\t<\/section>\n\t\t\t\t\t\t\t\t\t<\/div>\n\t\t\t<\/div>\n\t\t\t\t\t<\/div>\n\t\t","protected":false},"excerpt":{"rendered":"<p> Back to Customer Gallery Next \u00a9IAR Art Resources, Nobility of Time, bronze multiple sculpture form The Dal\u00ed Universe Collection \u00a9IAR Art Resources, Surrealist Piano, bronze multiple sculpture form The Dal\u00ed Universe Collection \u00a9IAR Art Resources, Triumphant Elephant, bronze multiple sculpture form The Dal\u00ed Universe Collection \u00a9IAR Art Resources, Horse saddled with time, bronze multiple sculpture &#8230; <a class=\"read-more more-link\" href=\"https:\/\/www.picreator.co.uk\/?page_id=446\">Read more &raquo;<\/a><\/p>","protected":false},"author":1,"featured_media":437,"parent":0,"menu_order":0,"comment_status":"closed","ping_status":"closed","template":"elementor_header_footer","meta":[],"_links":{"self":[{"href":"https:\/\/www.picreator.co.uk\/index.php?rest_route=\/wp\/v2\/pages\/488"}],"collection":[{"href":"https:\/\/www.picreator.co.uk\/index.php?rest_route=\/wp\/v2\/pages"}],"about":[{"href":"https:\/\/www.picreator.co.uk\/index.php?rest_route=\/wp\/v2\/types\/page"}],"author":[{"embeddable":true,"href":"https:\/\/www.picreator.co.uk\/index.php?rest_route=\/wp\/v2\/users\/1"}],"replies":[{"embeddable":true,"href":"https:\/\/www.picreator.co.uk\/index.php?rest_route=%2Fwp%2Fv2%2Fcomments&post=488"}],"version-history":[{"count":18,"href":"https:\/\/www.picreator.co.uk\/index.php?rest_route=\/wp\/v2\/pages\/488\/revisions"}],"predecessor-version":[{"id":15228,"href":"https:\/\/www.picreator.co.uk\/index.php?rest_route=\/wp\/v2\/pages\/488\/revisions\/15228"}],"wp:featuredmedia":[{"embeddable":true,"href":"https:\/\/www.picreator.co.uk\/index.php?rest_route=\/wp\/v2\/media\/437"}],"wp:attachment":[{"href":"https:\/\/www.picreator.co.uk\/index.php?rest_route=%2Fwp%2Fv2%2Fmedia&parent=488"}],"curies":[{"name":"wp","href":"https:\/\/api.w.org\/{rel}","templated":true}]}}